{"id":239,"date":"2023-09-04T19:13:11","date_gmt":"2023-09-04T19:13:11","guid":{"rendered":"https:\/\/veresontode.com\/?page_id=239"},"modified":"2023-09-04T19:16:43","modified_gmt":"2023-09-04T19:16:43","slug":"veres-gyula","status":"publish","type":"page","link":"https:\/\/veresontode.com\/en\/veres-gyula\/","title":{"rendered":"Veres Gyula"},"content":{"rendered":"<p>[et_pb_section fb_built=&#8221;1&#8243; theme_builder_area=&#8221;post_content&#8221; _builder_version=&#8221;4.22.1&#8243; _module_preset=&#8221;default&#8221;][et_pb_row _builder_version=&#8221;4.22.1&#8243; _module_preset=&#8221;default&#8221; theme_builder_area=&#8221;post_content&#8221;][et_pb_column _builder_version=&#8221;4.22.1&#8243; _module_preset=&#8221;default&#8221; type=&#8221;4_4&#8243; theme_builder_area=&#8221;post_content&#8221;][et_pb_text _builder_version=&#8221;4.22.1&#8243; _module_preset=&#8221;default&#8221; theme_builder_area=&#8221;post_content&#8221; hover_enabled=&#8221;0&#8243; sticky_enabled=&#8221;0&#8243; header_text_color=&#8221;#0D73BD&#8221; header_font=&#8221;|700|||||||&#8221; header_3_font=&#8221;|700|||||||&#8221; header_text_align=&#8221;center&#8221; header_3_text_align=&#8221;center&#8221; header_font_size=&#8221;40px&#8221;]<\/p>\n<h1>Veres Gyula<\/h1>\n<h3>Founder - Veres Foundry<\/h3>\n<p>[\/et_pb_text][\/et_pb_column][\/et_pb_row][et_pb_row _builder_version=&#8221;4.22.1&#8243; _module_preset=&#8221;default&#8221; column_structure=&#8221;1_2,1_2&#8243; theme_builder_area=&#8221;post_content&#8221;][et_pb_column _builder_version=&#8221;4.22.1&#8243; _module_preset=&#8221;default&#8221; type=&#8221;1_2&#8243; theme_builder_area=&#8221;post_content&#8221;][et_pb_text _builder_version=&#8221;4.22.1&#8243; _module_preset=&#8221;default&#8221; theme_builder_area=&#8221;post_content&#8221; text_font_size=&#8221;16px&#8221; text_line_height=&#8221;1.8em&#8221; hover_enabled=&#8221;0&#8243; sticky_enabled=&#8221;0&#8243;]<\/p>\n<p style=\"text-align: justify;\">Gyula Veres got acquainted with the world of metal casting at a very young age, in the 80s. As he put it, he fell in love with the art of casting almost at first sight. He started as a determined young man in his own garage, making hand-cast lead soldiers to order.<\/p>\n<p style=\"text-align: justify;\">His reputation as a precise, motivated young caster spread quickly throughout the industry. Within a short time, he was approached by several large national companies with orders for which he produced sand and coke cast aluminium parts for many years.<\/p>\n<p style=\"text-align: justify;\">The change of regime also created new opportunities in the history of domestic metal casting, and the market for its uptake widened. Foreign orders increased, and in the early 1990s his dream of founding Veres Foundry came true.<\/p>\n<p style=\"text-align: justify;\">The year 1998 was a real turning point in the life of the manager and the foundry. It was then that they were approached by the world-renowned Huwil Ltd. It was then that Gyula Veres organised the complete modernisation of the foundry, the expansion of the site and the switch from manual to mechanical casting. This turning point also shaped the company's final profile, as the foundry specialised in die-casting and continued to develop in this technology.<\/p>\n<p style=\"text-align: justify;\">Thanks to the knowledge, preparation and empathy of the management, the plant survived the global economic crisis. Since then, Gyula Veres' aim has been to maintain traditional values and to continue to modernise dynamically.<\/p>\n<p>[\/et_pb_text][\/et_pb_column][et_pb_column _builder_version=&#8221;4.22.1&#8243; _module_preset=&#8221;default&#8221; type=&#8221;1_2&#8243; theme_builder_area=&#8221;post_content&#8221;][\/et_pb_column][\/et_pb_row][\/et_pb_section]<\/p>","protected":false},"excerpt":{"rendered":"<p>Veres Gyula Alap\u00edt\u00f3 &#8211; Veres \u00d6nt\u00f6deVeres Gyula igen fiatalon, a 80-as \u00e9vekben ismerkedett meg a f\u00e9m\u00f6nt\u00e9s vil\u00e1g\u00e1val. Ahogy \u0151 fogalmazott: szinte els\u0151 l\u00e1t\u00e1sra szeretett bele az \u00f6nt\u00e9s mesters\u00e9g\u00e9be. A p\u00e1ly\u00e1t elsz\u00e1nt fiatalk\u00e9nt, saj\u00e1t gar\u00e1zs\u00e1ban kezdte, megrendel\u00e9sre k\u00e9sz\u00edtett k\u00e9zi\u00f6nt\u00e9s\u0171 \u00f3lomkaton\u00e1kat. A prec\u00edz, motiv\u00e1lt ifj\u00fa \u00f6nt\u0151 h\u00edre gyorsan terjedt a szakm\u00e1ban. R\u00f6vid id\u0151n bel\u00fcl t\u00f6bb nagy hazai [&hellip;]<\/p>","protected":false},"author":1,"featured_media":0,"parent":0,"menu_order":0,"comment_status":"closed","ping_status":"closed","template":"","meta":{"_et_pb_use_builder":"on","_et_pb_old_content":"<!-- wp:divi\/placeholder \/-->","_et_gb_content_width":"","footnotes":""},"class_list":["post-239","page","type-page","status-publish","hentry"],"_links":{"self":[{"href":"https:\/\/veresontode.com\/en\/wp-json\/wp\/v2\/pages\/239","targetHints":{"allow":["GET"]}}],"collection":[{"href":"https:\/\/veresontode.com\/en\/wp-json\/wp\/v2\/pages"}],"about":[{"href":"https:\/\/veresontode.com\/en\/wp-json\/wp\/v2\/types\/page"}],"author":[{"embeddable":true,"href":"https:\/\/veresontode.com\/en\/wp-json\/wp\/v2\/users\/1"}],"replies":[{"embeddable":true,"href":"https:\/\/veresontode.com\/en\/wp-json\/wp\/v2\/comments?post=239"}],"version-history":[{"count":3,"href":"https:\/\/veresontode.com\/en\/wp-json\/wp\/v2\/pages\/239\/revisions"}],"predecessor-version":[{"id":243,"href":"https:\/\/veresontode.com\/en\/wp-json\/wp\/v2\/pages\/239\/revisions\/243"}],"wp:attachment":[{"href":"https:\/\/veresontode.com\/en\/wp-json\/wp\/v2\/media?parent=239"}],"curies":[{"name":"wp","href":"https:\/\/api.w.org\/{rel}","templated":true}]}}