{"id":19,"date":"2023-08-11T09:11:51","date_gmt":"2023-08-11T09:11:51","guid":{"rendered":"https:\/\/veresontode.com\/?page_id=19"},"modified":"2023-08-22T22:26:09","modified_gmt":"2023-08-22T22:26:09","slug":"adatvedelmi-nyilatkozat","status":"publish","type":"page","link":"https:\/\/veresontode.com\/en\/adatvedelmi-nyilatkozat\/","title":{"rendered":"Adatv\u00e9delmi nyilatkozat"},"content":{"rendered":"<p>[et_pb_section fb_built=&#8221;1&#8243; _builder_version=&#8221;4.22.1&#8243; _module_preset=&#8221;default&#8221; global_colors_info=&#8221;{}&#8221;][et_pb_row _builder_version=&#8221;4.22.1&#8243; _module_preset=&#8221;default&#8221; global_colors_info=&#8221;{}&#8221;][et_pb_column type=&#8221;4_4&#8243; _builder_version=&#8221;4.22.1&#8243; _module_preset=&#8221;default&#8221; global_colors_info=&#8221;{}&#8221;][et_pb_text _builder_version=&#8221;4.22.1&#8243; _dynamic_attributes=&#8221;content&#8221; _module_preset=&#8221;default&#8221; header_font=&#8221;|700|||||||&#8221; header_text_align=&#8221;center&#8221; header_font_size=&#8221;35px&#8221; global_colors_info=&#8221;{}&#8221;]@ET-DC@eyJkeW5hbWljIjp0cnVlLCJjb250ZW50IjoicG9zdF90aXRsZSIsInNldHRpbmdzIjp7ImJlZm9yZSI6IjxIMT4iLCJhZnRlciI6IiJ9fQ==@[\/et_pb_text][\/et_pb_column][\/et_pb_row][et_pb_row _builder_version=&#8221;4.22.1&#8243; _module_preset=&#8221;default&#8221; global_colors_info=&#8221;{}&#8221;][et_pb_column type=&#8221;4_4&#8243; _builder_version=&#8221;4.22.1&#8243; _module_preset=&#8221;default&#8221; global_colors_info=&#8221;{}&#8221;][et_pb_text _builder_version=&#8221;4.22.1&#8243; _module_preset=&#8221;default&#8221; text_font_size=&#8221;17px&#8221; text_line_height=&#8221;1.6em&#8221; header_2_font=&#8221;|700|||||||&#8221; header_2_font_size=&#8221;30px&#8221; global_colors_info=&#8221;{}&#8221;]<\/p>\n<h2><strong>1. Adatkezel\u0151 megnevez\u00e9se<\/strong><\/h2>\n<ul>\n<li><span>Veres Gyula egy\u00e9ni v\u00e1llakoz\u00f3<\/span><\/li>\n<li>Adatkezel\u0151 ad\u00f3sz\u00e1ma: <span>50215151-2-33<\/span><\/li>\n<li><span>Sz\u00e9khely: 2234 Magl\u00f3d, F\u0151 utca 52.<\/span><\/li>\n<li>Adatkezel\u0151 e-el\u00e9rhet\u0151s\u00e9ge: <a href=\"mailto:info@veresontode.com\"><span class=\"dsm_icon_list_text\">info@veresontode.com<\/span><\/a><\/li>\n<li>Adatkezel\u0151 k\u00e9pvisel\u0151je: <span>Veres Gyula<\/span><\/li>\n<\/ul>\n<h2><strong>2. Adatkezel\u00e9s szab\u00e1lyai<\/strong><\/h2>\n<p>Mivel az inform\u00e1ci\u00f3s \u00f6nrendelkez\u00e9s minden term\u00e9szetes szem\u00e9ly Alapt\u00f6rv\u00e9nyben r\u00f6gz\u00edtett alapjoga, \u00edgy a v\u00e1llalkoz\u00e1s elj\u00e1r\u00e1sai sor\u00e1n csak \u00e9s kiz\u00e1r\u00f3lag a hat\u00e1lyos jogszab\u00e1lyok rendelkez\u00e9sei alapj\u00e1n v\u00e9gez adatkezel\u00e9st.<br \/>Szem\u00e9lyes adat kezel\u00e9s\u00e9re csak jog gyakorl\u00e1sa vagy k\u00f6telezetts\u00e9g teljes\u00edt\u00e9se \u00e9rdek\u00e9ben van lehet\u0151s\u00e9g. A v\u00e1llalkoz\u00e1s \u00e1ltal kezelt szem\u00e9lyes adatok mag\u00e1nc\u00e9lra val\u00f3 felhaszn\u00e1l\u00e1sa tilos. Az adatkezel\u00e9snek mindenkor meg kell felelnie a c\u00e9lhoz k\u00f6t\u00f6tts\u00e9g alapelv\u00e9nek.<br \/>A v\u00e1llalkoz\u00e1s szem\u00e9lyes adatot csak meghat\u00e1rozott c\u00e9lb\u00f3l, jog gyakorl\u00e1sa \u00e9s k\u00f6telezetts\u00e9g teljes\u00edt\u00e9se \u00e9rdek\u00e9ben kezel, a c\u00e9l el\u00e9r\u00e9s\u00e9hez sz\u00fcks\u00e9ges minim\u00e1lis m\u00e9rt\u00e9kben \u00e9s ideig. Az adatkezel\u00e9s minden szakasz\u00e1ban meg kell felelnie a c\u00e9lnak \u2013 \u00e9s amennyiben az adatkezel\u00e9s c\u00e9lja megsz\u0171nt, vagy az adatok kezel\u00e9se egy\u00e9bk\u00e9nt jogellenes, az adatok t\u00f6rl\u00e9sre ker\u00fclnek. A t\u00f6rl\u00e9sr\u0151l a v\u00e1llalkoz\u00e1snak az adatot t\u00e9nylegesen kezel\u0151 munkav\u00e1llal\u00f3ja gondoskodik. A t\u00f6rl\u00e9st a munkav\u00e1llal\u00f3 felett munk\u00e1ltat\u00f3i jogk\u00f6r\u00f6ket t\u00e9nylegesen gyakorl\u00f3 szem\u00e9ly \u00e9s az adatv\u00e9delmi tisztvisel\u0151 ellen\u0151rizheti.<\/p>\n<p><strong>A szem\u00e9lyes adatok kezel\u00e9se kiz\u00e1r\u00f3lag akkor \u00e9s annyiban jogszer\u0171, amennyiben legal\u00e1bb az al\u00e1bbiak egyike teljes\u00fcl:<\/strong><\/p>\n<ul>\n<li>az \u00e9rintett hozz\u00e1j\u00e1rul\u00e1s\u00e1t adta szem\u00e9lyes adatainak egy vagy t\u00f6bb konkr\u00e9t c\u00e9lb\u00f3l t\u00f6rt\u00e9n\u0151 kezel\u00e9s\u00e9hez;<\/li>\n<li>az adatkezel\u00e9s olyan szerz\u0151d\u00e9s teljes\u00edt\u00e9s\u00e9hez sz\u00fcks\u00e9ges, amelyben az \u00e9rintett az egyik f\u00e9l, vagy az a szerz\u0151d\u00e9s megk\u00f6t\u00e9s\u00e9t megel\u0151z\u0151en az \u00e9rintett k\u00e9r\u00e9s\u00e9re t\u00f6rt\u00e9n\u0151 l\u00e9p\u00e9sek megt\u00e9tel\u00e9hez sz\u00fcks\u00e9ges;<\/li>\n<li>az adatkezel\u00e9s az adatkezel\u0151re vonatkoz\u00f3 jogi k\u00f6telezetts\u00e9g teljes\u00edt\u00e9s\u00e9hez sz\u00fcks\u00e9ges;<\/li>\n<li>az adatkezel\u00e9s az \u00e9rintett vagy egy m\u00e1sik term\u00e9szetes szem\u00e9ly l\u00e9tfontoss\u00e1g\u00fa \u00e9rdekeinek v\u00e9delme miatt sz\u00fcks\u00e9ges;<\/li>\n<li>az adatkezel\u00e9s k\u00f6z\u00e9rdek\u0171 vagy az adatkezel\u0151re ruh\u00e1zott k\u00f6zhatalmi jogos\u00edtv\u00e1ny gyakorl\u00e1s\u00e1nak keret\u00e9ben v\u00e9gzett feladat v\u00e9grehajt\u00e1s\u00e1hoz sz\u00fcks\u00e9ges;<\/li>\n<li>az adatkezel\u00e9s az adatkezel\u0151 vagy egy harmadik f\u00e9l jogos \u00e9rdekeinek \u00e9rv\u00e9nyes\u00edt\u00e9s\u00e9hez sz\u00fcks\u00e9ges, kiv\u00e9ve, ha ezen \u00e9rdekekkel szemben els\u0151bbs\u00e9get \u00e9lveznek az \u00e9rintett olyan \u00e9rdekei vagy alapvet\u0151 jogai \u00e9s szabads\u00e1gai, amelyek szem\u00e9lyes adatok v\u00e9delm\u00e9t teszik sz\u00fcks\u00e9gess\u00e9, k\u00fcl\u00f6n\u00f6sen, ha az \u00e9rintett gyermek.<\/li>\n<\/ul>\n<p>A v\u00e1llalkoz\u00e1s az adat felv\u00e9tele el\u0151tt minden esetben k\u00f6zli az \u00e9rintettel az adatkezel\u00e9s c\u00e9lj\u00e1t, valamint az adatkezel\u00e9s jogalapj\u00e1t.<\/p>\n<h2>3. Az \u00e9rintettek jogai \u00e9s az \u00e9rintetti jogok \u00e9rv\u00e9nyes\u00edt\u00e9se<\/h2>\n<p><strong>T\u00e1j\u00e9koztat\u00e1s joga<\/strong><\/p>\n<p>A tisztess\u00e9ges \u00e9s \u00e1tl\u00e1that\u00f3 adatkezel\u00e9s elve megk\u00f6veteli, hogy az \u00e9rintett t\u00e1j\u00e9koztat\u00e1st kapjon az adatkezel\u00e9s t\u00e9ny\u00e9r\u0151l \u00e9s c\u00e9ljair\u00f3l, valamint m\u00e1s t\u00e9nyez\u0151kr\u0151l.<br \/>Az \u00e9rintett k\u00e9relm\u00e9re az Adatkezel\u0151 t\u00e1j\u00e9koztat\u00e1st ad az \u00e9rintett \u00e1ltala kezelt, illetve az \u00e1ltala vagy rendelkez\u00e9se szerint megb\u00edzott adatfeldolgoz\u00f3 \u00e1ltal feldolgozott adatair\u00f3l, azok forr\u00e1s\u00e1r\u00f3l, az adatkezel\u00e9s c\u00e9lj\u00e1r\u00f3l, jogalapj\u00e1r\u00f3l, id\u0151tartam\u00e1r\u00f3l, az adatfeldolgoz\u00f3 nev\u00e9r\u0151l, c\u00edm\u00e9r\u0151l \u00e9s az adatkezel\u00e9ssel \u00f6sszef\u00fcgg\u0151 tev\u00e9kenys\u00e9g\u00e9r\u0151l, az adatv\u00e9delmi incidens k\u00f6r\u00fclm\u00e9nyeir\u0151l, hat\u00e1sair\u00f3l \u00e9s az elh\u00e1r\u00edt\u00e1s\u00e1ra megtett int\u00e9zked\u00e9sekr\u0151l, tov\u00e1bb\u00e1 \u2013 az \u00e9rintett szem\u00e9lyes adatainak tov\u00e1bb\u00edt\u00e1sa eset\u00e9n \u2013 az adattov\u00e1bb\u00edt\u00e1s jogalapj\u00e1r\u00f3l \u00e9s c\u00edmzettj\u00e9r\u0151l.<br \/>A t\u00e1j\u00e9koztat\u00e1s f\u0151szab\u00e1ly szerint ingyenes, ha a t\u00e1j\u00e9koztat\u00e1st k\u00e9r\u0151 a foly\u00f3 \u00e9vben azonos adatk\u00f6rre vonatkoz\u00f3an t\u00e1j\u00e9koztat\u00e1si k\u00e9relmet az Adatkezel\u0151h\u00f6z m\u00e9g nem ny\u00fajtott be. Egy\u00e9b esetekben k\u00f6lts\u00e9gt\u00e9r\u00edt\u00e9s \u00e1llap\u00edthat\u00f3 meg. A k\u00f6lts\u00e9gt\u00e9r\u00edt\u00e9s m\u00e9rt\u00e9k\u00e9t a felek k\u00f6z\u00f6tt l\u00e9trej\u00f6tt szerz\u0151d\u00e9s is r\u00f6gz\u00edtheti. A m\u00e1r megfizetett k\u00f6lts\u00e9gt\u00e9r\u00edt\u00e9st vissza kell t\u00e9r\u00edteni, ha az adatokat jogellenesen kezelt\u00e9k, vagy a t\u00e1j\u00e9koztat\u00e1s k\u00e9r\u00e9se helyesb\u00edt\u00e9shez vezetett.<\/p>\n<p><strong>Hozz\u00e1f\u00e9r\u00e9s joga<\/strong><\/p>\n<p>Az \u00e9rintett jogosult arra, hogy a szem\u00e9lyes adatokhoz \u00e9s a k\u00f6vetkez\u0151 inform\u00e1ci\u00f3khoz hozz\u00e1f\u00e9r\u00e9st kapjon:<\/p>\n<ol>\n<li>az adatkezel\u00e9s c\u00e9lja;<\/li>\n<li>az \u00e9rintett szem\u00e9lyes adatok kateg\u00f3ri\u00e1i;<\/li>\n<li>azon c\u00edmzettek vagy c\u00edmzettek kateg\u00f3ri\u00e1i, akikkel, illetve amelyekkel a szem\u00e9lyes adatokat k\u00f6z\u00f6lt\u00e9k vagy k\u00f6z\u00f6lni fogj\u00e1k, ide\u00e9rtve a harmadik orsz\u00e1gbeli c\u00edmzetteket, nemzetk\u00f6zi szervezeteket;<\/li>\n<li>a szem\u00e9lyes adatok t\u00e1rol\u00e1s\u00e1nak tervezett id\u0151tartama, vagy ha ez nem lehets\u00e9ges ezen id\u0151tartam meghat\u00e1roz\u00e1s\u00e1nak szempontjai;<\/li>\n<li>az \u00e9rintett azon joga, hogy k\u00e9relmezheti az adatkezel\u0151t\u0151l a r\u00e1 vonatkoz\u00f3 szem\u00e9lyes adatok helyesb\u00edt\u00e9s\u00e9t, t\u00f6rl\u00e9s\u00e9t vagy kezel\u00e9s\u00e9nek korl\u00e1toz\u00e1s\u00e1t, \u00e9s tiltakozhat az ilyen szem\u00e9lyes adatok kezel\u00e9se ellen;<\/li>\n<li>a valamely fel\u00fcgyeleti hat\u00f3s\u00e1ghoz c\u00edmzett panasz beny\u00fajt\u00e1s\u00e1nak joga;<\/li>\n<li>ha az adatokat nem az \u00e9rintett\u0151l gy\u0171jt\u00f6tt\u00e9k, a forr\u00e1sukra vonatkoz\u00f3 minden el\u00e9rhet\u0151 inform\u00e1ci\u00f3;<\/li>\n<li>automatiz\u00e1lt d\u00f6nt\u00e9shozatal t\u00e9nye, ide\u00e9rtve a profilalkot\u00e1st is, valamint legal\u00e1bb ezekben az esetekben az alkalmazott logik\u00e1ra \u00e9s az arra vonatkoz\u00f3 \u00e9rthet\u0151 inform\u00e1ci\u00f3k, hogy az ilyen adatkezel\u00e9s milyen jelent\u0151s\u00e9ggel b\u00edr, \u00e9s az \u00e9rintettre n\u00e9zve milyen v\u00e1rhat\u00f3 k\u00f6vetkezm\u00e9nyekkel j\u00e1r.<\/li>\n<\/ol>\n<p>Az \u00e9rintett tov\u00e1bb\u00e1 jogosult arra is, hogy az adatkezel\u00e9s t\u00e1rgy\u00e1t k\u00e9pez\u0151 szem\u00e9lyes adatok m\u00e1solat\u00e1t az Adatkezel\u0151 az \u00e9rintett rendelkez\u00e9s\u00e9re bocs\u00e1ssa. Az \u00e9rintett \u00e1ltal k\u00e9rt tov\u00e1bbi m\u00e1solatok\u00e9rt az Adatkezel\u0151 \u00e9sszer\u0171 m\u00e9rt\u00e9k\u0171 d\u00edjat sz\u00e1m\u00edthat fel. Ha az \u00e9rintett elektronikus \u00faton ny\u00fajtotta be a k\u00e9relm\u00e9t, az inform\u00e1ci\u00f3kat sz\u00e9les k\u00f6rben haszn\u00e1lt elektronikus form\u00e1tumban kell rendelkez\u00e9sre bocs\u00e1tani. kiv\u00e9ve, ha az \u00e9rintett m\u00e1shogy k\u00e9ri.<\/p>\n<p><strong>Helyesb\u00edt\u00e9s joga<\/strong><\/p>\n<p>Az \u00e9rintett jogosult arra, hogy k\u00e9r\u00e9s\u00e9re az Adatkezel\u0151 indokolatlan k\u00e9sedelem n\u00e9lk\u00fcl helyesb\u00edtse a r\u00e1 vonatkoz\u00f3 pontatlan szem\u00e9lyes adatokat, vagy k\u00e9rje azok kieg\u00e9sz\u00edt\u00e9s\u00e9t.<br \/>A val\u00f3s\u00e1gnak nem megfelel\u0151 adatot az adatot kezel\u0151 szervezeti egys\u00e9g vezet\u0151je \u2013 amennyiben a sz\u00fcks\u00e9ges adatok \u00e9s az azokat bizony\u00edt\u00f3 k\u00f6zokiratok rendelkez\u00e9sre \u00e1llnak \u2013 helyesb\u00edti, a GDPR 17. cikk\u00e9ben meghat\u00e1rozott okok fenn\u00e1ll\u00e1sa eset\u00e9n int\u00e9zkedik a kezelt szem\u00e9lyes adat t\u00f6rl\u00e9s\u00e9r\u0151l.<\/p>\n<p><strong>T\u00f6rl\u00e9s \u00e9s elfeledtet\u00e9s joga<\/strong><\/p>\n<p>Az \u00e9rintett jogosult arra, hogy k\u00e9r\u00e9s\u00e9re az Adatkezel\u0151 indokolatlan k\u00e9sedelem n\u00e9lk\u00fcl t\u00f6r\u00f6lje a r\u00e1 vonatkoz\u00f3 szem\u00e9lyes adatokat, ha az al\u00e1bbi indokok valamelyike fenn\u00e1ll:<\/p>\n<ul>\n<li>a szem\u00e9lyes adatokra m\u00e1r nincs sz\u00fcks\u00e9g abb\u00f3l a c\u00e9lb\u00f3l, amelyb\u0151l azokat gy\u0171jt\u00f6tt\u00e9k vagy m\u00e1s m\u00f3don kezelt\u00e9k;<\/li>\n<li>az \u00e9rintett visszavonja az adatkezel\u00e9s alapj\u00e1t k\u00e9pez\u0151 hozz\u00e1j\u00e1rul\u00e1s\u00e1t, \u00e9s az adatkezel\u00e9snek nincs m\u00e1s jogalapja;<\/li>\n<li>az \u00e9rintett tiltakozik az adatkezel\u00e9s ellen, \u00e9s nincs els\u0151bbs\u00e9get \u00e9lvez\u0151 jogszer\u0171 ok az adatkezel\u00e9sre;<\/li>\n<li>a szem\u00e9lyes adatokat jogellenesen kezelt\u00e9k;<\/li>\n<li>a szem\u00e9lyes adatokat az Adatkezel\u0151re alkalmazand\u00f3 uni\u00f3s vagy tag\u00e1llami jogban el\u0151\u00edrt jogi k\u00f6telezetts\u00e9g teljes\u00edt\u00e9s\u00e9hez t\u00f6r\u00f6lni kell;<\/li>\n<li>a szem\u00e9lyes adatok gy\u0171jt\u00e9s\u00e9re a 16 \u00e9ven aluli gyermekek r\u00e9sz\u00e9re az inform\u00e1ci\u00f3s t\u00e1rsadalommal \u00f6sszef\u00fcgg\u0151 szolg\u00e1ltat\u00e1sok k\u00edn\u00e1l\u00e1s\u00e1val kapcsolatosan ker\u00fclt sor;<\/li>\n<\/ul>\n<p>Ha az Adatkezel\u0151 nyilv\u00e1noss\u00e1gra hozta a szem\u00e9lyes adatot, \u00e9s a szem\u00e9lyes adatokra m\u00e1r nincs sz\u00fcks\u00e9g abb\u00f3l a c\u00e9lb\u00f3l, amelyb\u0151l azokat gy\u0171jt\u00f6tt\u00e9k vagy m\u00e1s m\u00f3don kezelt\u00e9k \u00fagy azt t\u00f6r\u00f6lni k\u00f6teles, valamint az el\u00e9rhet\u0151 technol\u00f3gia \u00e9s a megval\u00f3s\u00edt\u00e1s k\u00f6lts\u00e9geinek figyelembev\u00e9tel\u00e9vel megteszi az \u00e9szszer\u0171en elv\u00e1rhat\u00f3 l\u00e9p\u00e9seket \u2013 ide\u00e9rtve technikai int\u00e9zked\u00e9seket \u2013 annak \u00e9rdek\u00e9ben, hogy t\u00e1j\u00e9koztassa az adatokat kezel\u0151 adatkezel\u0151ket, hogy az \u00e9rintett k\u00e9relmezte t\u0151l\u00fck a sz\u00f3ban forg\u00f3 szem\u00e9lyes adatokra mutat\u00f3 linkek vagy e szem\u00e9lyes adatok m\u00e1solat\u00e1nak, illetve m\u00e1sodp\u00e9ld\u00e1ny\u00e1nak t\u00f6rl\u00e9s\u00e9t.<\/p>\n<p>A szem\u00e9lyes adat az \u00e9rintett k\u00e9relm\u00e9re sem t\u00f6r\u00f6lhet\u0151 a GDPR 17. cikk (3) bekezd\u00e9s\u00e9ben foglalt adatkezel\u00e9sek eset\u00e9ben.<\/p>\n<p><strong>Korl\u00e1toz\u00e1shoz\/z\u00e1rol\u00e1shoz val\u00f3 jog<\/strong><\/p>\n<p>Az \u00e9rintett jogosult arra, hogy k\u00e9r\u00e9s\u00e9re a v\u00e1llalkoz\u00e1s korl\u00e1tozza az adatkezel\u00e9st, ha az al\u00e1bbiak valamelyike teljes\u00fcl:<\/p>\n<ul>\n<li>az \u00e9rintett vitatja a szem\u00e9lyes adatok pontoss\u00e1g\u00e1t, ez esetben a korl\u00e1toz\u00e1s arra az id\u0151tartamra vonatkozik, amely lehet\u0151v\u00e9 teszi, hogy az Adatkezel\u0151 ellen\u0151rizze a szem\u00e9lyes adatok pontoss\u00e1g\u00e1t;<\/li>\n<li>az adatkezel\u00e9s jogellenes, \u00e9s az \u00e9rintett ellenzi az adatok t\u00f6rl\u00e9s\u00e9t, \u00e9s ehelyett k\u00e9ri azok felhaszn\u00e1l\u00e1s\u00e1nak korl\u00e1toz\u00e1s\u00e1t;<\/li>\n<li>az Adatkezel\u0151nek m\u00e1r nincs sz\u00fcks\u00e9ge a szem\u00e9lyes adatokra adatkezel\u00e9s c\u00e9lj\u00e1b\u00f3l, de az \u00e9rintett ig\u00e9nyli azokat jogi ig\u00e9nyek el\u0151terjeszt\u00e9s\u00e9hez, \u00e9rv\u00e9nyes\u00edt\u00e9s\u00e9hez vagy v\u00e9delm\u00e9hez, vagy<\/li>\n<li>az \u00e9rintett tiltakozott az adatkezel\u00e9s ellen, ez esetben a korl\u00e1toz\u00e1s arra az id\u0151tartamra vonatkozik, am\u00edg meg\u00e1llap\u00edt\u00e1sra nem ker\u00fcl, hogy az Adatkezel\u0151 jogos indokai els\u0151bbs\u00e9get \u00e9lveznek-e az \u00e9rintett jogos indokaival szemben.<\/li>\n<\/ul>\n<p><strong>A szem\u00e9lyes adatok helyesb\u00edt\u00e9s\u00e9hez vagy t\u00f6rl\u00e9s\u00e9hez, illetve az adatkezel\u00e9s korl\u00e1toz\u00e1s\u00e1hoz kapcsol\u00f3d\u00f3 \u00e9rtes\u00edt\u00e9si k\u00f6telezetts\u00e9g<\/strong><\/p>\n<p>Az Adatkezel\u0151 minden olyan c\u00edmzettet t\u00e1j\u00e9koztat valamennyi helyesb\u00edt\u00e9sr\u0151l, t\u00f6rl\u00e9sr\u0151l vagy adatkezel\u00e9si korl\u00e1toz\u00e1s\u00e1r\u00f3l, akivel, illetve amellyel a szem\u00e9lyes adatot k\u00f6z\u00f6lt\u00e9k, kiv\u00e9ve, ha ez lehetetlennek bizonyul, vagy ar\u00e1nytalan nagy er\u0151fesz\u00edt\u00e9st ig\u00e9nyel. Az \u00e9rintetett k\u00e9r\u00e9s\u00e9re az Adatkezel\u0151 t\u00e1j\u00e9koztatja e c\u00edmzettekr\u0151l.<\/p>\n<p><strong>Adathordozhat\u00f3s\u00e1ghoz val\u00f3 jog<\/strong><\/p>\n<p>Az \u00e9rintett \u2013 a GDPR 27. cikk (1) bekezd\u00e9s\u00e9ben foglalt felt\u00e9telek fenn\u00e1ll\u00e1sa eset\u00e9n \u2013 jogosult arra, hogy a r\u00e1 vonatkoz\u00f3, \u00e1ltala az Adatkezel\u0151 rendelkez\u00e9s\u00e9re bocs\u00e1tott szem\u00e9lyes adatokat tagolt, sz\u00e9les k\u00f6rben haszn\u00e1lt, g\u00e9ppel olvashat\u00f3 form\u00e1ban megkapja, tov\u00e1bb\u00e1 jogosult arra, hogy ezeket az adatokat egy m\u00e1sik adatkezel\u0151nek tov\u00e1bb\u00edtsa.<\/p>\n<p><strong>Tiltakoz\u00e1s joga<\/strong><\/p>\n<p>Az \u00e9rintett jogosult arra, hogy a saj\u00e1t helyzet\u00e9vel kapcsolatos okokb\u00f3l b\u00e1rmikor tiltakozzon szem\u00e9lyes adatainak k\u00f6z\u00e9rdek\u0171 vagy az Adatkezel\u0151re ruh\u00e1zott k\u00f6zhatalmi jogos\u00edtv\u00e1ny gyakorl\u00e1s\u00e1nak keret\u00e9ben v\u00e9gzett feladattal kapcsolatos kezel\u00e9se, vagy az Adatkezel\u0151 vagy egy harmadik f\u00e9l jogos \u00e9rdekeinek \u00e9rv\u00e9nyes\u00edt\u00e9se kapcs\u00e1n v\u00e9gzett kezel\u00e9se ellen, ide\u00e9rtve az eml\u00edtett rendelkez\u00e9seken alapul\u00f3 profilalkot\u00e1st is.<\/p>\n<p>Az \u00e9rintett tiltakozhat szem\u00e9lyes adat\u00e1nak kezel\u00e9se ellen:<\/p>\n<ul>\n<li>ha a szem\u00e9lyes adatok kezel\u00e9se vagy tov\u00e1bb\u00edt\u00e1sa kiz\u00e1r\u00f3lag az Adatkezel\u0151re vonatkoz\u00f3 jogi k\u00f6telezetts\u00e9g teljes\u00edt\u00e9s\u00e9hez vagy az Adatkezel\u0151, adat\u00e1tvev\u0151 vagy harmadik szem\u00e9ly jogos \u00e9rdek\u00e9nek \u00e9rv\u00e9nyes\u00edt\u00e9s\u00e9hez sz\u00fcks\u00e9ges, kiv\u00e9ve k\u00f6telez\u0151 adatkezel\u00e9s eset\u00e9n;<\/li>\n<li>ha a szem\u00e9lyes adat felhaszn\u00e1l\u00e1sa vagy tov\u00e1bb\u00edt\u00e1sa k\u00f6zvetlen \u00fczletszerz\u00e9s, k\u00f6zv\u00e9lem\u00e9ny-kutat\u00e1s vagy tudom\u00e1nyos kutat\u00e1s c\u00e9lj\u00e1ra t\u00f6rt\u00e9nik; valamint<\/li>\n<li>t\u00f6rv\u00e9nyben meghat\u00e1rozott egy\u00e9b esetben.<\/li>\n<\/ul>\n<p>Az Adatkezel\u0151 indokolatlan k\u00e9sedelem n\u00e9lk\u00fcl, de mindenf\u00e9lek\u00e9ppen a k\u00e9relem be\u00e9rkez\u00e9s\u00e9t\u0151l sz\u00e1m\u00edtott egy h\u00f3napon bel\u00fcl t\u00e1j\u00e9koztatja az \u00e9rintettet a k\u00e9relem nyom\u00e1n hozott int\u00e9zked\u00e9sekr\u0151l. Sz\u00fcks\u00e9g eset\u00e9n, figyelembe v\u00e9ve a k\u00e9relem \u00f6sszetetts\u00e9g\u00e9t \u00e9s a k\u00e9relmek sz\u00e1m\u00e1t, ez a hat\u00e1rid\u0151 tov\u00e1bbi k\u00e9t h\u00f3nappal meghosszabb\u00edthat\u00f3. A hat\u00e1rid\u0151 meghosszabb\u00edt\u00e1s\u00e1r\u00f3l az adatkezel\u0151 a k\u00e9sedelem okainak megjel\u00f6l\u00e9s\u00e9vel a k\u00e9relem k\u00e9zhezv\u00e9tel\u00e9t\u0151l sz\u00e1m\u00edtott egy h\u00f3napon bel\u00fcl t\u00e1j\u00e9koztatja az \u00e9rintettet. Ha az \u00e9rintett elektronikus \u00faton ny\u00fajtotta be a k\u00e9relmet, a t\u00e1j\u00e9koztat\u00e1st lehet\u0151s\u00e9g szerint elektronikus \u00faton kell megadni, kiv\u00e9ve, ha az \u00e9rintett azt m\u00e1sk\u00e9nt k\u00e9ri.<br \/>Ha az Adatkezel\u0151 az \u00e9rintett tiltakoz\u00e1s\u00e1nak megalapozotts\u00e1g\u00e1t meg\u00e1llap\u00edtja, az adatkezel\u00e9st \u2013 bele\u00e9rtve a tov\u00e1bbi adatfelv\u00e9telt \u00e9s adattov\u00e1bb\u00edt\u00e1st is \u2013 megsz\u00fcnteti, az adatokat z\u00e1rolja, valamint a tiltakoz\u00e1sr\u00f3l, tov\u00e1bb\u00e1 az annak alapj\u00e1n tett int\u00e9zked\u00e9sekr\u0151l \u00e9rtes\u00edti mindazokat, akik r\u00e9sz\u00e9re a tiltakoz\u00e1ssal \u00e9rintett szem\u00e9lyes adatot kor\u00e1bban tov\u00e1bb\u00edtotta \u00e9s akik k\u00f6telesek int\u00e9zkedni a tiltakoz\u00e1si jog \u00e9rv\u00e9nyes\u00edt\u00e9se \u00e9rdek\u00e9ben.<\/p>\n<p><strong>B\u00edr\u00f3s\u00e1ghoz fordul\u00e1s joga \u00e9s panaszt\u00e9tel joga<\/strong><\/p>\n<p>Az Adatkezel\u0151 az \u00e9rintett adatainak jogellenes kezel\u00e9s\u00e9vel vagy az adatbiztons\u00e1g k\u00f6vetelm\u00e9nyeinek megszeg\u00e9s\u00e9vel m\u00e1snak okozott k\u00e1rt, illetve az \u00e1ltala vagy az \u00e1ltala ig\u00e9nybe vett adatfeldolgoz\u00f3 \u00e1ltal okozott szem\u00e9lyis\u00e9gi jogs\u00e9rt\u00e9s eset\u00e9n j\u00e1r\u00f3 s\u00e9relemd\u00edjat is megt\u00e9r\u00edti. Az Adatkezel\u0151 mentes\u00fcl az okozott k\u00e1r\u00e9rt val\u00f3 felel\u0151ss\u00e9g \u00e9s a s\u00e9relemd\u00edj megfizet\u00e9s\u00e9nek k\u00f6telezetts\u00e9ge al\u00f3l, ha bizony\u00edtja, hogy a k\u00e1rt vagy az \u00e9rintett szem\u00e9lyis\u00e9gi jog\u00e1nak s\u00e9relm\u00e9t az adatkezel\u00e9s k\u00f6r\u00e9n k\u00edv\u00fcl es\u0151 elh\u00e1r\u00edthatatlan ok id\u00e9zte el\u0151. Ugyan\u00edgy nem t\u00e9r\u00edti meg a k\u00e1rt, amennyiben az a k\u00e1rosult sz\u00e1nd\u00e9kos vagy s\u00falyosan gondatlan magatart\u00e1s\u00e1b\u00f3l sz\u00e1rmazott.<\/p>\n<p>Ha az Adatkezel\u0151 nem tesz int\u00e9zked\u00e9seket az \u00e9rintett k\u00e9relme nyom\u00e1n, k\u00e9sedelem n\u00e9lk\u00fcl, de legk\u00e9s\u0151bb a k\u00e9relem be\u00e9rkez\u00e9s\u00e9t\u0151l sz\u00e1m\u00edtott egy h\u00f3napon bel\u00fcl t\u00e1j\u00e9koztatja az \u00e9rintettet az int\u00e9zked\u00e9s elmarad\u00e1s\u00e1nak okair\u00f3l, valamint arr\u00f3l, hogy az \u00e9rintett panaszt ny\u00fajthat be NAIH-n\u00e1l (1125 Budapest, Szil\u00e1gyi Erzs\u00e9bet fasor 22\/C.) \u00e9s \u00e9lhet \u2013 lak\u00f3helye vagy tart\u00f3zkod\u00e1si helye szerint illet\u00e9kes t\u00f6rv\u00e9nysz\u00e9kn\u00e9l is \u2013 b\u00edr\u00f3s\u00e1gi jogorvoslati jog\u00e1val.<\/p>\n<h2>4. A v\u00e1llalkoz\u00e1s honlapj\u00e1nak haszn\u00e1lata sor\u00e1n megval\u00f3sul\u00f3 adatkezel\u00e9sek<\/h2>\n<p>Az adatkezel\u00e9s helysz\u00ednei: Sz\u00e9khely: <span>2234 Magl\u00f3d, F\u0151 street 52.<\/span><\/p>\n<p>A v\u00e1llalkoz\u00e1s saj\u00e1t honlappal rendelkezik, mely az al\u00e1bbi c\u00edmen \u00e9rhet\u0151 el: https:\/\/veresontode.com<\/p>\n<p>A honlapot a v\u00e1llalkoz\u00e1s \u00fczemelteti.<\/p>\n<p>A v\u00e1llalkoz\u00e1s lehet\u0151s\u00e9get biztos\u00edt arra, hogy a honlapokon kereszt\u00fcl a l\u00e1togat\u00f3 felvegye a v\u00e1llalkoz\u00e1ssal a kapcsolatot. Egy form kit\u00f6lt\u00e9s\u00e9vel a l\u00e1togat\u00f3 megadhatja a kapcsolatfelv\u00e9telhez sz\u00fcks\u00e9ges relev\u00e1ns adatokat. Az adatok elk\u00fcld\u00e9s\u00e9re azonban csak akkor van lehet\u0151s\u00e9ge az \u00e9rintettnek, ha elfogadja a v\u00e1llalkoz\u00e1s adatkezel\u00e9si szab\u00e1lyait, ezt egy jel\u00f6l\u0151n\u00e9gyzet bejel\u00f6l\u00e9s\u00e9vel teheti meg, m\u00e1sk\u00fcl\u00f6nben nem tudja megk\u00fcldeni az \u00fczenet\u00e9t.<\/p>\n<p>adatkezel\u00e9s c\u00e9lja: a v\u00e1llalkoz\u00e1ssal t\u00f6rt\u00e9n\u0151 kapcsolatfelv\u00e9tel el\u0151seg\u00edt\u00e9se<\/p>\n<p>kezelt adatok k\u00f6re: n\u00e9v, c\u00e9gn\u00e9v, e-mail c\u00edm, telefonsz\u00e1m, \u00fczenet sz\u00f6vege<\/p>\n<p>adatkezel\u00e9s jogalapja: a GDPR 6. cikk (1) a) szerinti \u00e9rintetti hozz\u00e1j\u00e1rul\u00e1s<\/p>\n<p>adatt\u00e1rol\u00e1s hat\u00e1rideje: a kapcsolatfelv\u00e9teli \u00fcgy elint\u00e9z\u00e9s\u00e9ig (a c\u00e9l megval\u00f3sul\u00e1s\u00e1ig)<\/p>\n<p>adatt\u00e1rol\u00e1s m\u00f3dja: elektronikus<\/p>\n<h2>Cookies<\/h2>\n<p>A l\u00e1togat\u00f3kr\u00f3l szem\u00e9lyhez k\u00f6t\u00f6tt inform\u00e1ci\u00f3kat automatikusan gy\u0171jt a weblap Google Analytics \u00e1ltal (IP c\u00edm, tart\u00f3zkod\u00e1si id\u0151, helyrajzi adatok felhaszn\u00e1l\u00f3i szok\u00e1sok stb.), melyek a honlap l\u00e1togatotts\u00e1gi statisztik\u00e1j\u00e1t szolg\u00e1lj\u00e1k. Ennek sor\u00e1n s\u00fctik (cookies) ker\u00fclnek elhelyez\u00e9sre a l\u00e1togat\u00f3 sz\u00e1m\u00edt\u00f3g\u00e9pein.<\/p>\n<p>A honlap megtekint\u00e9se sor\u00e1n automatikusan r\u00f6gz\u00edt\u00e9sre ker\u00fcl a felhaszn\u00e1l\u00f3 l\u00e1togat\u00e1s\u00e1nak kezd\u0151 \u00e9s befejez\u0151 id\u0151pontja, illetve egyes esetekben \u2013 a felhaszn\u00e1l\u00f3 sz\u00e1m\u00edt\u00f3g\u00e9p\u00e9nek be\u00e1ll\u00edt\u00e1s\u00e1t\u00f3l f\u00fcgg\u0151en \u2013 a b\u00f6ng\u00e9sz\u0151 \u00e9s az oper\u00e1ci\u00f3s rendszer t\u00edpusa. Ezen adatokb\u00f3l a rendszer automatikusan statisztikai adatokat gener\u00e1l.<\/p>\n<p>adatkezel\u00e9s c\u00e9lja: a honlap l\u00e1togat\u00f3ir\u00f3l szem\u00e9lyhez k\u00f6t\u00f6tt, automatikus adatr\u00f6gz\u00edt\u00e9s a felhaszn\u00e1l\u00e1si szok\u00e1sokr\u00f3l Google Analytics, valamint cookiek seg\u00edts\u00e9g\u00e9vel<\/p>\n<p>kezelt adatok k\u00f6re: IP c\u00edm, tart\u00f3zkod\u00e1si id\u0151, helyrajzi adatok felhaszn\u00e1l\u00f3i szok\u00e1sok, sz\u00e1m\u00edt\u00f3g\u00e9p be\u00e1ll\u00edt\u00e1s\u00e1t\u00f3l f\u00fcgg\u0151en \u2013 a b\u00f6ng\u00e9sz\u0151 \u00e9s az oper\u00e1ci\u00f3s rendszer t\u00edpusa<\/p>\n<p>adatkezel\u00e9s jogalapja: a GDPR 6. cikk (1) a) szerinti \u00e9rintetti hozz\u00e1j\u00e1rul\u00e1s<\/p>\n<p>adatt\u00e1rol\u00e1s hat\u00e1rideje: az adatkezel\u00e9si c\u00e9l megval\u00f3sul\u00e1s\u00e1ig, de maximum a r\u00f6gz\u00edt\u00e9st\u0151l sz\u00e1m\u00edtott 2 \u00e9vig<\/p>\n<p>adatt\u00e1rol\u00e1s m\u00f3dja: elektronikus<\/p>\n<h2>5. Jelen t\u00e1j\u00e9koztat\u00f3ban nem meghat\u00e1rozott k\u00e9rd\u00e9sek<\/h2>\n<p>A jelen t\u00e1j\u00e9koztat\u00f3ban nem meghat\u00e1rozott k\u00e9rd\u00e9sekben az Infotv. \u00e9s az Eur\u00f3pai Parlament \u00e9s a Tan\u00e1cs (EU) 2016\/679 rendelete (GDPR) szab\u00e1lyai az ir\u00e1nyad\u00f3ak.<\/p>\n<p>[\/et_pb_text][\/et_pb_column][\/et_pb_row][\/et_pb_section]<\/p>","protected":false},"excerpt":{"rendered":"<p>1. Adatkezel\u0151 megnevez\u00e9se Veres Gyula egy\u00e9ni v\u00e1llakoz\u00f3 Adatkezel\u0151 ad\u00f3sz\u00e1ma: 50215151-2-33 Sz\u00e9khely: 2234 Magl\u00f3d, F\u0151 utca 52. Adatkezel\u0151 e-el\u00e9rhet\u0151s\u00e9ge: info@veresontode.com Adatkezel\u0151 k\u00e9pvisel\u0151je: Veres Gyula 2. Adatkezel\u00e9s szab\u00e1lyai Mivel az inform\u00e1ci\u00f3s \u00f6nrendelkez\u00e9s minden term\u00e9szetes szem\u00e9ly Alapt\u00f6rv\u00e9nyben r\u00f6gz\u00edtett alapjoga, \u00edgy a v\u00e1llalkoz\u00e1s elj\u00e1r\u00e1sai sor\u00e1n csak \u00e9s kiz\u00e1r\u00f3lag a hat\u00e1lyos jogszab\u00e1lyok rendelkez\u00e9sei alapj\u00e1n v\u00e9gez adatkezel\u00e9st.Szem\u00e9lyes adat kezel\u00e9s\u00e9re csak jog [&hellip;]<\/p>","protected":false},"author":1,"featured_media":0,"parent":0,"menu_order":0,"comment_status":"closed","ping_status":"closed","template":"","meta":{"_et_pb_use_builder":"on","_et_pb_old_content":"<!-- wp:divi\/placeholder \/-->","_et_gb_content_width":"","footnotes":""},"class_list":["post-19","page","type-page","status-publish","hentry"],"_links":{"self":[{"href":"https:\/\/veresontode.com\/en\/wp-json\/wp\/v2\/pages\/19","targetHints":{"allow":["GET"]}}],"collection":[{"href":"https:\/\/veresontode.com\/en\/wp-json\/wp\/v2\/pages"}],"about":[{"href":"https:\/\/veresontode.com\/en\/wp-json\/wp\/v2\/types\/page"}],"author":[{"embeddable":true,"href":"https:\/\/veresontode.com\/en\/wp-json\/wp\/v2\/users\/1"}],"replies":[{"embeddable":true,"href":"https:\/\/veresontode.com\/en\/wp-json\/wp\/v2\/comments?post=19"}],"version-history":[{"count":4,"href":"https:\/\/veresontode.com\/en\/wp-json\/wp\/v2\/pages\/19\/revisions"}],"predecessor-version":[{"id":175,"href":"https:\/\/veresontode.com\/en\/wp-json\/wp\/v2\/pages\/19\/revisions\/175"}],"wp:attachment":[{"href":"https:\/\/veresontode.com\/en\/wp-json\/wp\/v2\/media?parent=19"}],"curies":[{"name":"wp","href":"https:\/\/api.w.org\/{rel}","templated":true}]}}